{"id":404,"date":"2023-07-25T10:25:53","date_gmt":"2023-07-25T10:25:53","guid":{"rendered":"http:\/\/cb2g.com\/contacto\/"},"modified":"2024-11-05T22:09:11","modified_gmt":"2024-11-05T22:09:11","slug":"contacto","status":"publish","type":"page","link":"https:\/\/cb2g.com\/es\/contacto\/","title":{"rendered":"Contacto"},"content":{"rendered":"\n<style type=\"text\/css\" data-created_by=\"avia_inline_auto\" id=\"style-css-av-r2q20-63717dd9f0d0283b702e89ee2b8f99a4\">\n.avia-section.av-r2q20-63717dd9f0d0283b702e89ee2b8f99a4{\nbackground-repeat:no-repeat;\nbackground-image:url(https:\/\/cb2g.com\/wp-content\/uploads\/2023\/05\/Oficina-cb2g-02.jpg);\nbackground-position:50% 50%;\nbackground-attachment:scroll;\n}\n.avia-section.av-r2q20-63717dd9f0d0283b702e89ee2b8f99a4 .av-section-color-overlay{\nopacity:0.6;\nbackground-color:#0a0a0a;\n}\n<\/style>\n<div id='av_section_1'  class='avia-section av-r2q20-63717dd9f0d0283b702e89ee2b8f99a4 main_color avia-section-default avia-no-border-styling  avia-builder-el-0  el_before_av_two_third  avia-builder-el-first  avia-bg-style-scroll av-section-color-overlay-active av-minimum-height av-minimum-height-25 av-height-25  container_wrap fullsize'  data-section-bg-repeat='no-repeat' data-av_minimum_height_pc='25' data-av_min_height_opt='25'><div class=\"av-section-color-overlay-wrap\"><div class=\"av-section-color-overlay\"><\/div><div class='container av-section-cont-open' ><main  role=\"main\" itemprop=\"mainContentOfPage\"  class='template-page content  av-content-full alpha units'><div class='post-entry post-entry-type-page post-entry-404'><div class='entry-content-wrapper clearfix'>\n\n<style type=\"text\/css\" data-created_by=\"avia_inline_auto\" id=\"style-css-av-2n8v8-9650c92b50308632b1bf12235ecabf1e\">\n#top .av-special-heading.av-2n8v8-9650c92b50308632b1bf12235ecabf1e{\npadding-bottom:10px;\ncolor:#ffffff;\n}\nbody .av-special-heading.av-2n8v8-9650c92b50308632b1bf12235ecabf1e .av-special-heading-tag .heading-char{\nfont-size:25px;\n}\n.av-special-heading.av-2n8v8-9650c92b50308632b1bf12235ecabf1e .special-heading-inner-border{\nborder-color:#ffffff;\n}\n.av-special-heading.av-2n8v8-9650c92b50308632b1bf12235ecabf1e .av-subheading{\nfont-size:15px;\n}\n<\/style>\n<div  class='av-special-heading av-2n8v8-9650c92b50308632b1bf12235ecabf1e av-special-heading-h1 custom-color-heading blockquote modern-quote modern-centered  avia-builder-el-1  avia-builder-el-no-sibling '><h1 class='av-special-heading-tag'  itemprop=\"headline\"  >CONTACTO<\/h1><div class=\"special-heading-border\"><div class=\"special-heading-inner-border\"><\/div><\/div><\/div>\n<\/div><\/div><\/main><!-- close content main element --><\/div><\/div><\/div><div id='after_section_1'  class='main_color av_default_container_wrap container_wrap fullsize'  ><div class='container av-section-cont-open' ><div class='template-page content  av-content-full alpha units'><div class='post-entry post-entry-type-page post-entry-404'><div class='entry-content-wrapper clearfix'>\n\n<style type=\"text\/css\" data-created_by=\"avia_inline_auto\" id=\"style-css-av-6hslk-48d494118cab5edcf56578ebfd29e879\">\n.flex_column.av-6hslk-48d494118cab5edcf56578ebfd29e879{\n-webkit-border-radius:0px 0px 0px 0px;\n-moz-border-radius:0px 0px 0px 0px;\nborder-radius:0px 0px 0px 0px;\npadding:0px 0px 0px 0px;\n}\n<\/style>\n<div  class='flex_column av-6hslk-48d494118cab5edcf56578ebfd29e879 av_two_third  avia-builder-el-2  el_after_av_section  el_before_av_one_third  avia-builder-el-first  first flex_column_div av-zero-column-padding  '     ><p>\n<style type=\"text\/css\" data-created_by=\"avia_inline_auto\" id=\"style-css-av-nuhw-c59b8f5c6eed411003a06a69941dfdee\">\n#top .av-special-heading.av-nuhw-c59b8f5c6eed411003a06a69941dfdee{\npadding-bottom:10px;\n}\nbody .av-special-heading.av-nuhw-c59b8f5c6eed411003a06a69941dfdee .av-special-heading-tag .heading-char{\nfont-size:25px;\n}\n.av-special-heading.av-nuhw-c59b8f5c6eed411003a06a69941dfdee .av-subheading{\nfont-size:15px;\n}\n<\/style>\n<div  class='av-special-heading av-nuhw-c59b8f5c6eed411003a06a69941dfdee av-special-heading-h2 blockquote modern-quote  avia-builder-el-3  el_before_av_textblock  avia-builder-el-first '><h2 class='av-special-heading-tag'  itemprop=\"headline\"  >Contacta con nosostros<\/h2><div class=\"special-heading-border\"><div class=\"special-heading-inner-border\"><\/div><\/div><\/div><br \/>\n<section  class='av_textblock_section av-li08grlq-9a7025d9f595e0c1d36f8d94de112993 '   itemscope=\"itemscope\" itemtype=\"https:\/\/schema.org\/CreativeWork\" ><div class='avia_textblock'  itemprop=\"text\" ><p>En ingenier\u00eda CB2G SLP, atenderemos sus consultas, facilitando todo tipo de informaci\u00f3n adicional sobre nuestros servicios, experiencias, as\u00ed como sobre las dudas o problemas que pueda tener.<\/p>\n<\/div><\/section><br \/>\n<form action=\"https:\/\/cb2g.com\/es\/contacto\/\" method=\"post\" data-fields-with-error=\"Found errors in the following field(s):\" class=\"avia_ajax_form av-form-labels-hidden   avia-builder-el-5  el_after_av_textblock  avia-builder-el-last   \" data-avia-form-id=\"1\" data-avia-redirect='' ><fieldset><p class='  first_form  form_element form_fullwidth' id='element_avia_1_1'><label for=\"avia_1_1\">Nombre <abbr class=\"required\" title=\"requerido\">*<\/abbr><\/label> <input name=\"avia_1_1\" class=\"text_input is_empty\" type=\"text\" id=\"avia_1_1\" value=\"\"  placeholder='Nombre*'\/><\/p><p class='  first_form  form_element form_fullwidth' id='element_avia_2_1'><label for=\"avia_2_1\">E-Mail <abbr class=\"required\" title=\"requerido\">*<\/abbr><\/label> <input name=\"avia_2_1\" class=\"text_input is_email\" type=\"text\" id=\"avia_2_1\" value=\"\"  placeholder='E-Mail*'\/><\/p><p class='  first_form  form_element form_fullwidth' id='element_avia_3_1'><label for=\"avia_3_1\">Tel\u00e9fono<\/label> <input name=\"avia_3_1\" class=\"text_input \" type=\"text\" id=\"avia_3_1\" value=\"\"  placeholder='Tel\u00e9fono'\/><\/p><p class='  first_form  form_element form_fullwidth' id='element_avia_4_1'><label for=\"avia_4_1\" class=\"textare_label hidden textare_label_avia_4_1\">Mensaje <abbr class=\"required\" title=\"requerido\">*<\/abbr><\/label><textarea  placeholder='Mensaje*' name=\"avia_4_1\" class=\"text_area is_empty\" cols=\"40\" rows=\"7\" id=\"avia_4_1\" ><\/textarea><\/p><p class=\"hidden\"><input type=\"text\" name=\"avia_5_1\" class=\"hidden \" id=\"avia_5_1\" value=\"\" \/><\/p><div id='avia_6_1' class='av-recaptcha-area  first_form  form_element form_fullwidth av-last-visible-form-element '  data-container_class=\"\" data-custom_class=\"\" data-context=\"av_contact_form\" data-token_input=\"av_recaptcha_token\" data-version=\"avia_recaptcha_v3\" data-theme=\"light\" data-size=\"normal\" data-score=\"0.5\" data-text_to_preview=\"\" data-value=\"\"><div class=\"av-google-badge-message hidden\">Este sitio est\u00e1 protegido por reCAPTCHA y se aplican la <a href=\"https:\/\/policies.google.com\/privacy\" target=\"_blank\" rel=\"noopener\">Pol\u00edtica de privacidad<\/a> y las <a href=\"https:\/\/policies.google.com\/terms\" target=\"_blank\" rel=\"noopener\">Condiciones de servicio <\/a> de Google.<\/div><\/div><p class=' av_form_privacy_check av_contact_privacy_check first_form  form_element form_fullwidth' id='element_avia_7_1'><input  name=\"avia_7_1\" class=\"input_checkbox is_empty\" type=\"checkbox\" id=\"avia_7_1\" value=\"true\"\/><label class=\"input_checkbox_label\" for=\"avia_7_1\">Acepto los t\u00e9rminos y condiciones establecidos en la <a href='https:\/\/cb2g.com\/politica-privacitat\/' target='_blank' rel=\"noopener\"> Pol\u00edtica de privacidad <\/a> <abbr class=\"required\" title=\"requerido\">*<\/abbr><\/label><\/p><p class=\"form_element \"><input type=\"hidden\" value=\"1\" name=\"avia_generated_form1\" \/><input type=\"submit\" value=\"Enviar\" class=\"button\"  data-sending-label=\"Enviando\"\/><\/p><\/fieldset><div class=\"avia-disabled-form\">This contact form is deactivated because you refused to accept Google reCaptcha service which is necessary to validate any messages sent by the form.<\/div><\/form><div id=\"ajaxresponse_1\" class=\"ajaxresponse ajaxresponse_1 hidden\"><\/div><\/p><\/div>\n<style type=\"text\/css\" data-created_by=\"avia_inline_auto\" id=\"style-css-av-2yz0g-13cf110feaf63cf72b090a3297697622\">\n.flex_column.av-2yz0g-13cf110feaf63cf72b090a3297697622{\n-webkit-border-radius:0px 0px 0px 0px;\n-moz-border-radius:0px 0px 0px 0px;\nborder-radius:0px 0px 0px 0px;\npadding:0px 0px 0px 0px;\n}\n<\/style>\n<div  class='flex_column av-2yz0g-13cf110feaf63cf72b090a3297697622 av_one_third  avia-builder-el-6  el_after_av_two_third  el_before_av_google_map  avia-builder-el-last  flex_column_div av-zero-column-padding  '     ><p>\n<style type=\"text\/css\" data-created_by=\"avia_inline_auto\" id=\"style-css-av-li08qqfj-22a6a0ac168ca1c94e647a94d5ea46c5\">\n#top .av-special-heading.av-li08qqfj-22a6a0ac168ca1c94e647a94d5ea46c5{\npadding-bottom:10px;\n}\nbody .av-special-heading.av-li08qqfj-22a6a0ac168ca1c94e647a94d5ea46c5 .av-special-heading-tag .heading-char{\nfont-size:25px;\n}\n.av-special-heading.av-li08qqfj-22a6a0ac168ca1c94e647a94d5ea46c5 .av-subheading{\nfont-size:15px;\n}\n<\/style>\n<div  class='av-special-heading av-li08qqfj-22a6a0ac168ca1c94e647a94d5ea46c5 av-special-heading-h2 blockquote modern-quote  avia-builder-el-7  el_before_av_hr  avia-builder-el-first '><h2 class='av-special-heading-tag'  itemprop=\"headline\"  >DATOS DE CONTACTO<\/h2><div class=\"special-heading-border\"><div class=\"special-heading-inner-border\"><\/div><\/div><\/div><br \/>\n\n<style type=\"text\/css\" data-created_by=\"avia_inline_auto\" id=\"style-css-av-li08sjjp-1f723c3f366d4cc6bf8fe79b5f3f531b\">\n#top .hr.hr-invisible.av-li08sjjp-1f723c3f366d4cc6bf8fe79b5f3f531b{\nheight:20px;\n}\n<\/style>\n<div  class='hr av-li08sjjp-1f723c3f366d4cc6bf8fe79b5f3f531b hr-invisible  avia-builder-el-8  el_after_av_heading  el_before_av_icon_box '><span class='hr-inner '><span class=\"hr-inner-style\"><\/span><\/span><\/div><br \/>\n\n<style type=\"text\/css\" data-created_by=\"avia_inline_auto\" id=\"style-css-av-li08m1d6-075a09f992d1042d6e94ed7f53352f70\">\n.iconbox.av-li08m1d6-075a09f992d1042d6e94ed7f53352f70 .iconbox_icon{\ncolor:#2f567f;\n}\n<\/style>\n<article  class='iconbox iconbox_left_content av-li08m1d6-075a09f992d1042d6e94ed7f53352f70 av-icon-style-no-border  avia-builder-el-9  el_after_av_hr  el_before_av_icon_box  contact-box'  itemscope=\"itemscope\" itemtype=\"https:\/\/schema.org\/CreativeWork\" ><div class=\"iconbox_icon heading-color\" aria-hidden='true' data-av_icon='\ue842' data-av_iconfont='entypo-fontello'><\/div><div class=\"iconbox_content\"><header class=\"entry-content-header\"><h3 class='iconbox_content_title '  itemprop=\"headline\" >Oficina<\/h3><\/header><div class='iconbox_content_container '  itemprop=\"text\" ><p>Av. de Sant Jordi, 11-13<br \/>\n25280 Solsona<\/p>\n<\/div><\/div><footer class=\"entry-footer\"><\/footer><\/article><br \/>\n\n<style type=\"text\/css\" data-created_by=\"avia_inline_auto\" id=\"style-css-av-li08n3o9-e999249ac1e0f47b33efe8e1c7cdab6e\">\n.iconbox.av-li08n3o9-e999249ac1e0f47b33efe8e1c7cdab6e .iconbox_icon{\ncolor:#2f567f;\n}\n<\/style>\n<article  class='iconbox iconbox_left_content av-li08n3o9-e999249ac1e0f47b33efe8e1c7cdab6e av-icon-style-no-border  avia-builder-el-10  el_after_av_icon_box  el_before_av_icon_box  contact-box'  itemscope=\"itemscope\" itemtype=\"https:\/\/schema.org\/CreativeWork\" ><div class=\"iconbox_icon heading-color\" aria-hidden='true' data-av_icon='\ue854' data-av_iconfont='entypo-fontello'><\/div><div class=\"iconbox_content\"><header class=\"entry-content-header\"><h3 class='iconbox_content_title '  itemprop=\"headline\" >Tel\u00e9fonos<\/h3><\/header><div class='iconbox_content_container '  itemprop=\"text\" ><p class=\"font_8 wixui-rich-text__text\"><span class=\"wixui-rich-text__text\"><span class=\"color_11 wixui-rich-text__text\">M <a href=\"tel:679%20106%20508\">679 106 508<\/a><br \/>\n<\/span><\/span> <span class=\"color_11 wixui-rich-text__text\"><span class=\"wixui-rich-text__text\">M<a href=\"tel:646%20229%20271\">646 229 271<\/a><\/span><\/span><\/p>\n<\/div><\/div><footer class=\"entry-footer\"><\/footer><\/article><br \/>\n\n<style type=\"text\/css\" data-created_by=\"avia_inline_auto\" id=\"style-css-av-li08nren-6ea64050add3c484224aedaa2c3ebcf3\">\n.iconbox.av-li08nren-6ea64050add3c484224aedaa2c3ebcf3 .iconbox_icon{\ncolor:#2f567f;\n}\n<\/style>\n<article  class='iconbox iconbox_left_content av-li08nren-6ea64050add3c484224aedaa2c3ebcf3 av-icon-style-no-border  avia-builder-el-11  el_after_av_icon_box  el_before_av_image  contact-box'  itemscope=\"itemscope\" itemtype=\"https:\/\/schema.org\/CreativeWork\" ><div class=\"iconbox_icon heading-color\" aria-hidden='true' data-av_icon='\ue842' data-av_iconfont='entypo-fontello'><\/div><div class=\"iconbox_content\"><header class=\"entry-content-header\"><h3 class='iconbox_content_title '  itemprop=\"headline\" >Email<\/h3><\/header><div class='iconbox_content_container '  itemprop=\"text\" ><p><a title=\"contactar\" href=\"mailto:info@cb2g.com\">info@cb2g.com<\/a><\/p>\n<\/div><\/div><footer class=\"entry-footer\"><\/footer><\/article><br \/>\n\n<style type=\"text\/css\" data-created_by=\"avia_inline_auto\" id=\"style-css-av-li0c0n5v-5e54b0455e8695ded1a1133349c011d8\">\n.avia-image-container.av-li0c0n5v-5e54b0455e8695ded1a1133349c011d8 img.avia_image{\nbox-shadow:none;\n}\n.avia-image-container.av-li0c0n5v-5e54b0455e8695ded1a1133349c011d8 .av-image-caption-overlay-center{\ncolor:#ffffff;\n}\n<\/style>\n<div  class='avia-image-container av-li0c0n5v-5e54b0455e8695ded1a1133349c011d8 av-styling- avia-align-left  avia-builder-el-12  el_after_av_icon_box  avia-builder-el-last '   itemprop=\"image\" itemscope=\"itemscope\" itemtype=\"https:\/\/schema.org\/ImageObject\" ><div class=\"avia-image-container-inner\"><div class=\"avia-image-overlay-wrap\"><img decoding=\"async\" class='wp-image-223 avia-img-lazy-loading-not-223 avia_image ' src=\"https:\/\/cb2g.com\/wp-content\/uploads\/2023\/05\/LOGO-NOU-format-google-180x180.jpg\" alt='' title='LOGO NOU format google'  height=\"180\" width=\"180\"  itemprop=\"thumbnailUrl\" srcset=\"https:\/\/cb2g.com\/wp-content\/uploads\/2023\/05\/LOGO-NOU-format-google-180x180.jpg 180w, https:\/\/cb2g.com\/wp-content\/uploads\/2023\/05\/LOGO-NOU-format-google-80x80.jpg 80w, https:\/\/cb2g.com\/wp-content\/uploads\/2023\/05\/LOGO-NOU-format-google-36x36.jpg 36w\" sizes=\"(max-width: 180px) 100vw, 180px\" \/><\/div><\/div><\/div><\/p><\/div><\/p>\n<div  class='av_gmaps_sc_main_wrap av_gmaps_main_wrap '><div id='av_gmap_0' class='avia-google-map-container avia-google-map-sc av_gmaps_show_unconditionally av-no-fallback-img ' data-mapid='av_gmap_0'  style='height: 400px;'><a class=\"av_gmaps_browser_disabled av_text_confirm_link av_text_confirm_link_visible\" href=\"https:\/\/www.google.com\/maps\/search\/?api=1&#038;query=av.%20de%20sant%20jordi%2011%2025280%20Solsona%20%20Spain\" target=\"_blank\" rel=\"noopener\">Maps were disabled by the visitor on this site. Click to open the map in a new window.<\/a><\/div><\/div>\n","protected":false},"excerpt":{"rendered":"","protected":false},"author":3,"featured_media":0,"parent":0,"menu_order":0,"comment_status":"closed","ping_status":"closed","template":"","meta":{"footnotes":""},"class_list":["post-404","page","type-page","status-publish","hentry"],"yoast_head":"<!-- This site is optimized with the Yoast SEO plugin v27.5 - https:\/\/yoast.com\/product\/yoast-seo-wordpress\/ -->\n<title>Contacto - Enginyeria CB2G<\/title>\n<meta name=\"robots\" content=\"index, follow, max-snippet:-1, max-image-preview:large, max-video-preview:-1\" \/>\n<link rel=\"canonical\" href=\"https:\/\/cb2g.com\/es\/contacto\/\" \/>\n<meta property=\"og:locale\" content=\"es_ES\" \/>\n<meta property=\"og:type\" content=\"article\" \/>\n<meta property=\"og:title\" content=\"Contacto - Enginyeria CB2G\" \/>\n<meta property=\"og:url\" content=\"https:\/\/cb2g.com\/es\/contacto\/\" \/>\n<meta property=\"og:site_name\" content=\"Enginyeria CB2G\" \/>\n<meta property=\"article:modified_time\" content=\"2024-11-05T22:09:11+00:00\" \/>\n<meta name=\"twitter:card\" content=\"summary_large_image\" \/>\n<meta name=\"twitter:label1\" content=\"Tiempo de lectura\" \/>\n\t<meta name=\"twitter:data1\" content=\"1 minuto\" \/>\n<script type=\"application\/ld+json\" class=\"yoast-schema-graph\">{\"@context\":\"https:\\\/\\\/schema.org\",\"@graph\":[{\"@type\":\"WebPage\",\"@id\":\"https:\\\/\\\/cb2g.com\\\/es\\\/contacto\\\/\",\"url\":\"https:\\\/\\\/cb2g.com\\\/es\\\/contacto\\\/\",\"name\":\"Contacto - Enginyeria CB2G\",\"isPartOf\":{\"@id\":\"https:\\\/\\\/cb2g.com\\\/#website\"},\"datePublished\":\"2023-07-25T10:25:53+00:00\",\"dateModified\":\"2024-11-05T22:09:11+00:00\",\"breadcrumb\":{\"@id\":\"https:\\\/\\\/cb2g.com\\\/es\\\/contacto\\\/#breadcrumb\"},\"inLanguage\":\"es\",\"potentialAction\":[{\"@type\":\"ReadAction\",\"target\":[\"https:\\\/\\\/cb2g.com\\\/es\\\/contacto\\\/\"]}]},{\"@type\":\"BreadcrumbList\",\"@id\":\"https:\\\/\\\/cb2g.com\\\/es\\\/contacto\\\/#breadcrumb\",\"itemListElement\":[{\"@type\":\"ListItem\",\"position\":1,\"name\":\"Inici\",\"item\":\"https:\\\/\\\/cb2g.com\\\/es\\\/\"},{\"@type\":\"ListItem\",\"position\":2,\"name\":\"Contacto\"}]},{\"@type\":\"WebSite\",\"@id\":\"https:\\\/\\\/cb2g.com\\\/#website\",\"url\":\"https:\\\/\\\/cb2g.com\\\/\",\"name\":\"Enginyeria CB2G\",\"description\":\"\",\"potentialAction\":[{\"@type\":\"SearchAction\",\"target\":{\"@type\":\"EntryPoint\",\"urlTemplate\":\"https:\\\/\\\/cb2g.com\\\/?s={search_term_string}\"},\"query-input\":{\"@type\":\"PropertyValueSpecification\",\"valueRequired\":true,\"valueName\":\"search_term_string\"}}],\"inLanguage\":\"es\"}]}<\/script>\n<!-- \/ Yoast SEO plugin. -->","yoast_head_json":{"title":"Contacto - Enginyeria CB2G","robots":{"index":"index","follow":"follow","max-snippet":"max-snippet:-1","max-image-preview":"max-image-preview:large","max-video-preview":"max-video-preview:-1"},"canonical":"https:\/\/cb2g.com\/es\/contacto\/","og_locale":"es_ES","og_type":"article","og_title":"Contacto - Enginyeria CB2G","og_url":"https:\/\/cb2g.com\/es\/contacto\/","og_site_name":"Enginyeria CB2G","article_modified_time":"2024-11-05T22:09:11+00:00","twitter_card":"summary_large_image","twitter_misc":{"Tiempo de lectura":"1 minuto"},"schema":{"@context":"https:\/\/schema.org","@graph":[{"@type":"WebPage","@id":"https:\/\/cb2g.com\/es\/contacto\/","url":"https:\/\/cb2g.com\/es\/contacto\/","name":"Contacto - Enginyeria CB2G","isPartOf":{"@id":"https:\/\/cb2g.com\/#website"},"datePublished":"2023-07-25T10:25:53+00:00","dateModified":"2024-11-05T22:09:11+00:00","breadcrumb":{"@id":"https:\/\/cb2g.com\/es\/contacto\/#breadcrumb"},"inLanguage":"es","potentialAction":[{"@type":"ReadAction","target":["https:\/\/cb2g.com\/es\/contacto\/"]}]},{"@type":"BreadcrumbList","@id":"https:\/\/cb2g.com\/es\/contacto\/#breadcrumb","itemListElement":[{"@type":"ListItem","position":1,"name":"Inici","item":"https:\/\/cb2g.com\/es\/"},{"@type":"ListItem","position":2,"name":"Contacto"}]},{"@type":"WebSite","@id":"https:\/\/cb2g.com\/#website","url":"https:\/\/cb2g.com\/","name":"Enginyeria CB2G","description":"","potentialAction":[{"@type":"SearchAction","target":{"@type":"EntryPoint","urlTemplate":"https:\/\/cb2g.com\/?s={search_term_string}"},"query-input":{"@type":"PropertyValueSpecification","valueRequired":true,"valueName":"search_term_string"}}],"inLanguage":"es"}]}},"_links":{"self":[{"href":"https:\/\/cb2g.com\/es\/wp-json\/wp\/v2\/pages\/404","targetHints":{"allow":["GET"]}}],"collection":[{"href":"https:\/\/cb2g.com\/es\/wp-json\/wp\/v2\/pages"}],"about":[{"href":"https:\/\/cb2g.com\/es\/wp-json\/wp\/v2\/types\/page"}],"author":[{"embeddable":true,"href":"https:\/\/cb2g.com\/es\/wp-json\/wp\/v2\/users\/3"}],"replies":[{"embeddable":true,"href":"https:\/\/cb2g.com\/es\/wp-json\/wp\/v2\/comments?post=404"}],"version-history":[{"count":4,"href":"https:\/\/cb2g.com\/es\/wp-json\/wp\/v2\/pages\/404\/revisions"}],"predecessor-version":[{"id":500,"href":"https:\/\/cb2g.com\/es\/wp-json\/wp\/v2\/pages\/404\/revisions\/500"}],"wp:attachment":[{"href":"https:\/\/cb2g.com\/es\/wp-json\/wp\/v2\/media?parent=404"}],"curies":[{"name":"wp","href":"https:\/\/api.w.org\/{rel}","templated":true}]}}